{"id":5102,"date":"2024-04-13T11:56:47","date_gmt":"2024-04-13T09:56:47","guid":{"rendered":"https:\/\/biblesocietyinisrael.com?post_type=product&#038;p=5102"},"modified":"2026-03-24T02:30:15","modified_gmt":"2026-03-24T00:30:15","slug":"hebrew-french-bible-hard-cover-leather-leatherzipper","status":"publish","type":"product","link":"https:\/\/biblesocietyinisrael.com\/he\/\u05de\u05d5\u05e6\u05e8\/hebrew-french-bible-hard-cover-leather-leatherzipper\/","title":{"rendered":"Hebrew French Bible &#8211; Hard Cover\/Leather\/Leather&amp;Zipper"},"content":{"rendered":"<p>The first and unique side by side Full Hebrew-French Bible. The very first edition of the Hebrew-French Bible, that consists of the Old and New Testaments in one book. The Hebrew text is taken from the Masoretic text for the Old Testament and the Modern Hebrew translation for the New Testament &#8220;\u00a9The Bible Society in Israel&#8221;. The French text is taken from La Nouvelle Bible Segond &#8220;\u00a9 Soci\u00e9t\u00e9 Biblique Fran\u00e7aise &#8211; Bibli&#8217;O, 2002&#8221; This unique Bible contains the following features in French: A full page dedicated to the pronunciation of the Hebrew letters and vowels, Weekly Torah Portions divided by titles in both Hebrew and French texts, Parasha and Haftarah reading table for the whole year, Haftarah reading table for the feasts and special events, Prophecies about the Messiah in the Old Testament and their fulfillment in the New Testament, A large selection of Bible maps in Hebrew.<\/p>\n","protected":false},"excerpt":{"rendered":"<p>The Bible in Hebrew and French side by side.<\/p>\n","protected":false},"featured_media":5106,"template":"","meta":{"give_campaign_id":0,"inline_featured_image":false,"jetpack_post_was_ever_published":false,"jetpack_publicize_message":"","jetpack_publicize_feature_enabled":true,"jetpack_social_post_already_shared":false,"jetpack_social_options":{"image_generator_settings":{"template":"highway","default_image_id":0,"font":"","enabled":false},"version":2}},"product_brand":[],"product_cat":[115,204],"product_tag":[],"class_list":{"0":"post-5102","1":"product","2":"type-product","3":"status-publish","4":"has-post-thumbnail","6":"product_cat-bibles","7":"product_cat-diglots","9":"first","10":"instock","11":"shipping-taxable","12":"purchasable","13":"product-type-variable"},"yoast_head":"<!-- This site is optimized with the Yoast SEO plugin v27.4 - https:\/\/yoast.com\/product\/yoast-seo-wordpress\/ -->\n<title>Hebrew French Bible - Hard Cover\/Leather\/Leather&amp;Zipper - Bible Society in Israel<\/title>\n<meta name=\"robots\" content=\"index, follow, max-snippet:-1, max-image-preview:large, max-video-preview:-1\" \/>\n<link rel=\"canonical\" href=\"https:\/\/biblesocietyinisrael.com\/product\/hebrew-french-bible-hard-cover-leather-leatherzipper\/\" \/>\n<meta property=\"og:locale\" content=\"he_IL\" \/>\n<meta property=\"og:type\" content=\"article\" \/>\n<meta property=\"og:title\" content=\"Hebrew French Bible - Hard Cover\/Leather\/Leather&amp;Zipper - Bible Society in Israel\" \/>\n<meta property=\"og:description\" content=\"The Bible in Hebrew and French side by side.\" \/>\n<meta property=\"og:url\" content=\"https:\/\/biblesocietyinisrael.com\/product\/hebrew-french-bible-hard-cover-leather-leatherzipper\/\" \/>\n<meta property=\"og:site_name\" content=\"Bible Society in Israel\" \/>\n<meta property=\"article:modified_time\" content=\"2026-03-24T00:30:15+00:00\" \/>\n<meta property=\"og:image\" content=\"https:\/\/biblesocietyinisrael.com\/wp-content\/uploads\/2019\/01\/Untitled.png\" \/>\n\t<meta property=\"og:image:width\" content=\"1200\" \/>\n\t<meta property=\"og:image:height\" content=\"1200\" \/>\n\t<meta property=\"og:image:type\" content=\"image\/png\" \/>\n<meta name=\"twitter:card\" content=\"summary_large_image\" \/>\n<meta name=\"twitter:label1\" content=\"\u05d6\u05de\u05df \u05e7\u05e8\u05d9\u05d0\u05d4 \u05de\u05d5\u05e2\u05e8\u05da\" \/>\n\t<meta name=\"twitter:data1\" content=\"\u05d3\u05e7\u05d41\" \/>\n<script type=\"application\/ld+json\" class=\"yoast-schema-graph\">{\"@context\":\"https:\\\/\\\/schema.org\",\"@graph\":[{\"@type\":\"WebPage\",\"@id\":\"https:\\\/\\\/biblesocietyinisrael.com\\\/product\\\/hebrew-french-bible-hard-cover-leather-leatherzipper\\\/\",\"url\":\"https:\\\/\\\/biblesocietyinisrael.com\\\/product\\\/hebrew-french-bible-hard-cover-leather-leatherzipper\\\/\",\"name\":\"Hebrew French Bible - Hard Cover\\\/Leather\\\/Leather&amp;Zipper - Bible Society in Israel\",\"isPartOf\":{\"@id\":\"https:\\\/\\\/biblesocietyinisrael.com\\\/#website\"},\"primaryImageOfPage\":{\"@id\":\"https:\\\/\\\/biblesocietyinisrael.com\\\/product\\\/hebrew-french-bible-hard-cover-leather-leatherzipper\\\/#primaryimage\"},\"image\":{\"@id\":\"https:\\\/\\\/biblesocietyinisrael.com\\\/product\\\/hebrew-french-bible-hard-cover-leather-leatherzipper\\\/#primaryimage\"},\"thumbnailUrl\":\"https:\\\/\\\/i0.wp.com\\\/biblesocietyinisrael.com\\\/wp-content\\\/uploads\\\/2019\\\/01\\\/Untitled.png?fit=1200%2C1200&ssl=1\",\"datePublished\":\"2024-04-13T09:56:47+00:00\",\"dateModified\":\"2026-03-24T00:30:15+00:00\",\"breadcrumb\":{\"@id\":\"https:\\\/\\\/biblesocietyinisrael.com\\\/product\\\/hebrew-french-bible-hard-cover-leather-leatherzipper\\\/#breadcrumb\"},\"inLanguage\":\"he-IL\",\"potentialAction\":[{\"@type\":\"ReadAction\",\"target\":[\"https:\\\/\\\/biblesocietyinisrael.com\\\/product\\\/hebrew-french-bible-hard-cover-leather-leatherzipper\\\/\"]}]},{\"@type\":\"ImageObject\",\"inLanguage\":\"he-IL\",\"@id\":\"https:\\\/\\\/biblesocietyinisrael.com\\\/product\\\/hebrew-french-bible-hard-cover-leather-leatherzipper\\\/#primaryimage\",\"url\":\"https:\\\/\\\/i0.wp.com\\\/biblesocietyinisrael.com\\\/wp-content\\\/uploads\\\/2019\\\/01\\\/Untitled.png?fit=1200%2C1200&ssl=1\",\"contentUrl\":\"https:\\\/\\\/i0.wp.com\\\/biblesocietyinisrael.com\\\/wp-content\\\/uploads\\\/2019\\\/01\\\/Untitled.png?fit=1200%2C1200&ssl=1\",\"width\":1200,\"height\":1200},{\"@type\":\"BreadcrumbList\",\"@id\":\"https:\\\/\\\/biblesocietyinisrael.com\\\/product\\\/hebrew-french-bible-hard-cover-leather-leatherzipper\\\/#breadcrumb\",\"itemListElement\":[{\"@type\":\"ListItem\",\"position\":1,\"name\":\"Home\",\"item\":\"https:\\\/\\\/biblesocietyinisrael.com\\\/he\\\/\"},{\"@type\":\"ListItem\",\"position\":2,\"name\":\"\u05d7\u05e0\u05d5\u05ea\",\"item\":\"https:\\\/\\\/biblesocietyinisrael.com\\\/he\\\/shop\\\/\"},{\"@type\":\"ListItem\",\"position\":3,\"name\":\"Hebrew French Bible &#8211; Hard Cover\\\/Leather\\\/Leather&amp;Zipper\"}]},{\"@type\":\"WebSite\",\"@id\":\"https:\\\/\\\/biblesocietyinisrael.com\\\/#website\",\"url\":\"https:\\\/\\\/biblesocietyinisrael.com\\\/\",\"name\":\"Bible Society in Israel\",\"description\":\"Life for all\",\"publisher\":{\"@id\":\"https:\\\/\\\/biblesocietyinisrael.com\\\/#organization\"},\"potentialAction\":[{\"@type\":\"SearchAction\",\"target\":{\"@type\":\"EntryPoint\",\"urlTemplate\":\"https:\\\/\\\/biblesocietyinisrael.com\\\/?s={search_term_string}\"},\"query-input\":{\"@type\":\"PropertyValueSpecification\",\"valueRequired\":true,\"valueName\":\"search_term_string\"}}],\"inLanguage\":\"he-IL\"},{\"@type\":\"Organization\",\"@id\":\"https:\\\/\\\/biblesocietyinisrael.com\\\/#organization\",\"name\":\"Bible Society in Israel\",\"url\":\"https:\\\/\\\/biblesocietyinisrael.com\\\/\",\"logo\":{\"@type\":\"ImageObject\",\"inLanguage\":\"he-IL\",\"@id\":\"https:\\\/\\\/biblesocietyinisrael.com\\\/#\\\/schema\\\/logo\\\/image\\\/\",\"url\":\"https:\\\/\\\/i0.wp.com\\\/biblesocietyinisrael.com\\\/wp-content\\\/uploads\\\/2019\\\/09\\\/biblesociety-english-logo-mobile.png?fit=78%2C80&ssl=1\",\"contentUrl\":\"https:\\\/\\\/i0.wp.com\\\/biblesocietyinisrael.com\\\/wp-content\\\/uploads\\\/2019\\\/09\\\/biblesociety-english-logo-mobile.png?fit=78%2C80&ssl=1\",\"width\":78,\"height\":80,\"caption\":\"Bible Society in Israel\"},\"image\":{\"@id\":\"https:\\\/\\\/biblesocietyinisrael.com\\\/#\\\/schema\\\/logo\\\/image\\\/\"}}]}<\/script>\n<!-- \/ Yoast SEO plugin. -->","yoast_head_json":{"title":"Hebrew French Bible - Hard Cover\/Leather\/Leather&amp;Zipper - Bible Society in Israel","robots":{"index":"index","follow":"follow","max-snippet":"max-snippet:-1","max-image-preview":"max-image-preview:large","max-video-preview":"max-video-preview:-1"},"canonical":"https:\/\/biblesocietyinisrael.com\/product\/hebrew-french-bible-hard-cover-leather-leatherzipper\/","og_locale":"he_IL","og_type":"article","og_title":"Hebrew French Bible - Hard Cover\/Leather\/Leather&amp;Zipper - Bible Society in Israel","og_description":"The Bible in Hebrew and French side by side.","og_url":"https:\/\/biblesocietyinisrael.com\/product\/hebrew-french-bible-hard-cover-leather-leatherzipper\/","og_site_name":"Bible Society in Israel","article_modified_time":"2026-03-24T00:30:15+00:00","og_image":[{"width":1200,"height":1200,"url":"https:\/\/biblesocietyinisrael.com\/wp-content\/uploads\/2019\/01\/Untitled.png","type":"image\/png"}],"twitter_card":"summary_large_image","twitter_misc":{"\u05d6\u05de\u05df \u05e7\u05e8\u05d9\u05d0\u05d4 \u05de\u05d5\u05e2\u05e8\u05da":"\u05d3\u05e7\u05d41"},"schema":{"@context":"https:\/\/schema.org","@graph":[{"@type":"WebPage","@id":"https:\/\/biblesocietyinisrael.com\/product\/hebrew-french-bible-hard-cover-leather-leatherzipper\/","url":"https:\/\/biblesocietyinisrael.com\/product\/hebrew-french-bible-hard-cover-leather-leatherzipper\/","name":"Hebrew French Bible - Hard Cover\/Leather\/Leather&amp;Zipper - Bible Society in Israel","isPartOf":{"@id":"https:\/\/biblesocietyinisrael.com\/#website"},"primaryImageOfPage":{"@id":"https:\/\/biblesocietyinisrael.com\/product\/hebrew-french-bible-hard-cover-leather-leatherzipper\/#primaryimage"},"image":{"@id":"https:\/\/biblesocietyinisrael.com\/product\/hebrew-french-bible-hard-cover-leather-leatherzipper\/#primaryimage"},"thumbnailUrl":"https:\/\/i0.wp.com\/biblesocietyinisrael.com\/wp-content\/uploads\/2019\/01\/Untitled.png?fit=1200%2C1200&ssl=1","datePublished":"2024-04-13T09:56:47+00:00","dateModified":"2026-03-24T00:30:15+00:00","breadcrumb":{"@id":"https:\/\/biblesocietyinisrael.com\/product\/hebrew-french-bible-hard-cover-leather-leatherzipper\/#breadcrumb"},"inLanguage":"he-IL","potentialAction":[{"@type":"ReadAction","target":["https:\/\/biblesocietyinisrael.com\/product\/hebrew-french-bible-hard-cover-leather-leatherzipper\/"]}]},{"@type":"ImageObject","inLanguage":"he-IL","@id":"https:\/\/biblesocietyinisrael.com\/product\/hebrew-french-bible-hard-cover-leather-leatherzipper\/#primaryimage","url":"https:\/\/i0.wp.com\/biblesocietyinisrael.com\/wp-content\/uploads\/2019\/01\/Untitled.png?fit=1200%2C1200&ssl=1","contentUrl":"https:\/\/i0.wp.com\/biblesocietyinisrael.com\/wp-content\/uploads\/2019\/01\/Untitled.png?fit=1200%2C1200&ssl=1","width":1200,"height":1200},{"@type":"BreadcrumbList","@id":"https:\/\/biblesocietyinisrael.com\/product\/hebrew-french-bible-hard-cover-leather-leatherzipper\/#breadcrumb","itemListElement":[{"@type":"ListItem","position":1,"name":"Home","item":"https:\/\/biblesocietyinisrael.com\/he\/"},{"@type":"ListItem","position":2,"name":"\u05d7\u05e0\u05d5\u05ea","item":"https:\/\/biblesocietyinisrael.com\/he\/shop\/"},{"@type":"ListItem","position":3,"name":"Hebrew French Bible &#8211; Hard Cover\/Leather\/Leather&amp;Zipper"}]},{"@type":"WebSite","@id":"https:\/\/biblesocietyinisrael.com\/#website","url":"https:\/\/biblesocietyinisrael.com\/","name":"Bible Society in Israel","description":"Life for all","publisher":{"@id":"https:\/\/biblesocietyinisrael.com\/#organization"},"potentialAction":[{"@type":"SearchAction","target":{"@type":"EntryPoint","urlTemplate":"https:\/\/biblesocietyinisrael.com\/?s={search_term_string}"},"query-input":{"@type":"PropertyValueSpecification","valueRequired":true,"valueName":"search_term_string"}}],"inLanguage":"he-IL"},{"@type":"Organization","@id":"https:\/\/biblesocietyinisrael.com\/#organization","name":"Bible Society in Israel","url":"https:\/\/biblesocietyinisrael.com\/","logo":{"@type":"ImageObject","inLanguage":"he-IL","@id":"https:\/\/biblesocietyinisrael.com\/#\/schema\/logo\/image\/","url":"https:\/\/i0.wp.com\/biblesocietyinisrael.com\/wp-content\/uploads\/2019\/09\/biblesociety-english-logo-mobile.png?fit=78%2C80&ssl=1","contentUrl":"https:\/\/i0.wp.com\/biblesocietyinisrael.com\/wp-content\/uploads\/2019\/09\/biblesociety-english-logo-mobile.png?fit=78%2C80&ssl=1","width":78,"height":80,"caption":"Bible Society in Israel"},"image":{"@id":"https:\/\/biblesocietyinisrael.com\/#\/schema\/logo\/image\/"}}]}},"jetpack_publicize_connections":[],"jetpack_sharing_enabled":true,"_links":{"self":[{"href":"https:\/\/biblesocietyinisrael.com\/he\/wp-json\/wp\/v2\/product\/5102","targetHints":{"allow":["GET"]}}],"collection":[{"href":"https:\/\/biblesocietyinisrael.com\/he\/wp-json\/wp\/v2\/product"}],"about":[{"href":"https:\/\/biblesocietyinisrael.com\/he\/wp-json\/wp\/v2\/types\/product"}],"wp:featuredmedia":[{"embeddable":true,"href":"https:\/\/biblesocietyinisrael.com\/he\/wp-json\/wp\/v2\/media\/5106"}],"wp:attachment":[{"href":"https:\/\/biblesocietyinisrael.com\/he\/wp-json\/wp\/v2\/media?parent=5102"}],"wp:term":[{"taxonomy":"product_brand","embeddable":true,"href":"https:\/\/biblesocietyinisrael.com\/he\/wp-json\/wp\/v2\/product_brand?post=5102"},{"taxonomy":"product_cat","embeddable":true,"href":"https:\/\/biblesocietyinisrael.com\/he\/wp-json\/wp\/v2\/product_cat?post=5102"},{"taxonomy":"product_tag","embeddable":true,"href":"https:\/\/biblesocietyinisrael.com\/he\/wp-json\/wp\/v2\/product_tag?post=5102"}],"curies":[{"name":"wp","href":"https:\/\/api.w.org\/{rel}","templated":true}]}}